{"id":12755,"date":"2023-09-14T21:34:48","date_gmt":"2023-09-14T19:34:48","guid":{"rendered":"https:\/\/www.wattkraft.com\/?page_id=12755"},"modified":"2024-10-08T10:32:11","modified_gmt":"2024-10-08T08:32:11","slug":"nuestros-distribuidores","status":"publish","type":"page","link":"https:\/\/www.wattkraft.com\/es\/nuestros-distribuidores\/","title":{"rendered":"Nuestros Distribuidores"},"content":{"rendered":"<section class=\"wpb-content-wrapper\">[vc_row css_animation=&#8221;slideInDown&#8221;][vc_column]<div class=\"cws_spacing cws_spacing_size_sm_desctop-on cws_spacing_tablet-on cws_spacing_mobile-on\"><div class=\"cws_spacing cws_spacing_default\" style=\"height:90px;\"><\/div> <div class=\"cws_spacing cws_spacing_size_sm_desctop\" style=\"height:90px;\"><\/div> <div class=\"cws_spacing cws_spacing_tablet\" style=\"height:50px;\"><\/div> <div class=\"cws_spacing cws_spacing_mobile\" style=\"height:30px;\"><\/div><\/div><div class='cws_textmodule cws_vc_shortcode_module' id='cws_textmodule_69f2d88834780'><div class='cws_textmodule_wrapper add_divider'><div class='cws_textmodule_text text_align_center'><div class='cws_textmodule_titles display_block'><h4 class='cws_textmodule_subtitle'>Distribuidores<\/h4><h3 class='cws_textmodule_title'><strong>Nuestros<\/strong> Partners<\/h3><\/div><\/div><\/div><\/div>[vc_row_inner disable_element=&#8221;yes&#8221;][vc_column_inner width=&#8221;1\/3&#8243;]<div id='cws_service_item_69f2d88834afb' class='cws_service_item cws_vc_shortcode_module title_beside a-center add_hover  vc_custom_1596211821287'><div class='cws_service_item_wrapper clearfix'><div class='cws_service_info'><h6 class='cws_service_title'>Capilaridad<\/h6><div class='cws_service_desc clearfix'><p>La heterog\u00e9nea presencia de nuestros distribuidores por todo Espa\u00f1a y Portugal garantizan una presencia \u00e1gil y flexible para todas las ubicaciones de proyectos de autoconsumo y conexi\u00f3n a red.<\/p>\n<\/div><\/div><div class='cws_custom_button_wrapper simple second_color_scheme'><\/div><\/div><\/div>[\/vc_column_inner][vc_column_inner width=&#8221;1\/3&#8243;]<div id='cws_service_item_69f2d88834da4' class='cws_service_item cws_vc_shortcode_module title_beside a-center add_hover  vc_custom_1596198143134'><div class='cws_service_item_wrapper clearfix'><div class='cws_service_info'><h6 class='cws_service_title'>Experiencia<\/h6><div class='cws_service_desc clearfix'><p>Todos nuestros distribuidores tienen amplia experiencia en el sector de la distribuci\u00f3n de material. Esto hace que sean capaces de proporcionar el mejor servicio dependiendo de las caracter\u00edsticas del cliente.<\/p>\n<\/div><\/div><div class='cws_custom_button_wrapper simple second_color_scheme'><\/div><\/div><\/div>[\/vc_column_inner][vc_column_inner width=&#8221;1\/3&#8243;]<div id='cws_service_item_69f2d8883505a' class='cws_service_item cws_vc_shortcode_module title_beside a-center add_hover  vc_custom_1596198223021'><div class='cws_service_item_wrapper clearfix'><div class='cws_service_info'><h6 class='cws_service_title'>Confianza<\/h6><div class='cws_service_desc clearfix'><p>Gracias los muchos a\u00f1os de relaci\u00f3n de Wattkraft con sus clientes, estamos convencidos de tener una relaci\u00f3n de confianza que hace a\u00fan m\u00e1s potentes las sinergias y los beneficios para el cliente.<\/p>\n<\/div><\/div><div class='cws_custom_button_wrapper simple second_color_scheme'><\/div><\/div><\/div>[\/vc_column_inner][\/vc_row_inner]<div class=\"cws_spacing cws_spacing_size_sm_desctop-on cws_spacing_tablet-on cws_spacing_mobile-on\"><div class=\"cws_spacing cws_spacing_default\" style=\"height:0px;\"><\/div> <div class=\"cws_spacing cws_spacing_size_sm_desctop\" style=\"height:0px;\"><\/div> <div class=\"cws_spacing cws_spacing_tablet\" style=\"height:50px;\"><\/div> <div class=\"cws_spacing cws_spacing_mobile\" style=\"height:50px;\"><\/div><\/div>[\/vc_column][\/vc_row][vc_row full_width=&#8221;stretch_row&#8221; equal_height=&#8221;yes&#8221; bg_cws_color=&#8221;color&#8221; cws_overlay_color=&#8221;#f0f1f5&#8243; css=&#8221;.vc_custom_1538391491419{background-color: #f0f1f5 !important;}&#8221;][vc_column css_animation=&#8221;slideInUp&#8221;]<div class=\"cws_spacing cws_spacing_size_sm_desctop-on cws_spacing_tablet-on cws_spacing_mobile-on\"><div class=\"cws_spacing cws_spacing_default\" style=\"height:100px;\"><\/div> <div class=\"cws_spacing cws_spacing_size_sm_desctop\" style=\"height:100px;\"><\/div> <div class=\"cws_spacing cws_spacing_tablet\" style=\"height:50px;\"><\/div> <div class=\"cws_spacing cws_spacing_mobile\" style=\"height:50px;\"><\/div><\/div>[vc_row_inner][vc_column_inner width=&#8221;1\/4&#8243;][vc_single_image image=&#8221;18146&#8243; img_size=&#8221;medium&#8221; onclick=&#8221;custom_link&#8221; img_link_target=&#8221;_blank&#8221; link=&#8221;https:\/\/www.wattkraft.com\/es\/sumsol\/&#8221;]<div class='cws_textmodule cws_vc_shortcode_module' id='cws_textmodule_69f2d88835331'><div class='cws_textmodule_wrapper add_divider'><div class='cws_textmodule_text text_align_center'><div class='cws_textmodule_titles display_block'><\/div><div class='cws_textmodule_content'><div class='text_content_wrapper'><h5><a href=\"https:\/\/www.wattkraft.com\/es\/sumsol\/\">M\u00e1s informaci\u00f3n<\/a><\/h5>\n<\/div><\/div><\/div><\/div><\/div>[\/vc_column_inner][vc_column_inner width=&#8221;1\/4&#8243;][vc_single_image image=&#8221;18118&#8243; img_size=&#8221;medium&#8221; onclick=&#8221;custom_link&#8221; link=&#8221;https:\/\/www.wattkraft.com\/es\/saclima\/&#8221;]<div class='cws_textmodule cws_vc_shortcode_module' id='cws_textmodule_69f2d8883558a'><div class='cws_textmodule_wrapper add_divider'><div class='cws_textmodule_text text_align_center'><div class='cws_textmodule_titles display_block'><\/div><div class='cws_textmodule_content'><div class='text_content_wrapper'><h5><a href=\"https:\/\/www.wattkraft.com\/es\/saclima\/\">M\u00e1s informaci\u00f3n<\/a><\/h5>\n<\/div><\/div><\/div><\/div><\/div>[\/vc_column_inner][vc_column_inner width=&#8221;1\/4&#8243;][vc_single_image image=&#8221;18193&#8243; img_size=&#8221;medium&#8221; onclick=&#8221;custom_link&#8221; link=&#8221;https:\/\/www.wattkraft.com\/es\/mprime-voltalia\/&#8221;]<div class='cws_textmodule cws_vc_shortcode_module' id='cws_textmodule_69f2d888357ce'><div class='cws_textmodule_wrapper add_divider'><div class='cws_textmodule_text text_align_center'><div class='cws_textmodule_titles display_block'><\/div><div class='cws_textmodule_content'><div class='text_content_wrapper'><h5><a href=\"https:\/\/www.wattkraft.com\/es\/mprime-voltalia\/\">M\u00e1s informaci\u00f3n<\/a><\/h5>\n<\/div><\/div><\/div><\/div><\/div>[\/vc_column_inner][vc_column_inner width=&#8221;1\/4&#8243;][vc_single_image image=&#8221;18164&#8243; img_size=&#8221;medium&#8221; onclick=&#8221;custom_link&#8221; link=&#8221;https:\/\/www.wattkraft.com\/es\/green-efficient\/&#8221;]<div class='cws_textmodule cws_vc_shortcode_module' id='cws_textmodule_69f2d88835a59'><div class='cws_textmodule_wrapper add_divider'><div class='cws_textmodule_text text_align_center'><div class='cws_textmodule_titles display_block'><\/div><div class='cws_textmodule_content'><div class='text_content_wrapper'><h5><a href=\"https:\/\/www.wattkraft.com\/es\/green-efficient\/\">M\u00e1s informaci\u00f3n<\/a><\/h5>\n<\/div><\/div><\/div><\/div><\/div>[\/vc_column_inner][\/vc_row_inner][vc_empty_space height=&#8221;90px&#8221;][\/vc_column][\/vc_row][vc_row disable_element=&#8221;yes&#8221;][vc_column]<div class='cws_textmodule cws_vc_shortcode_module' id='cws_textmodule_69f2d88835c32'><div class='cws_textmodule_wrapper add_divider'><div class='cws_textmodule_text text_align_center'><div class='cws_textmodule_titles display_block'><h4 class='cws_textmodule_subtitle'>Distribuidores<\/h4><h3 class='cws_textmodule_title'>No son clientes,<strong>son Partners<\/strong><\/h3><\/div><\/div><\/div><\/div>[\/vc_column][\/vc_row]\n<\/section>","protected":false},"excerpt":{"rendered":"<p>[vc_row css_animation=&#8221;slideInDown&#8221;][vc_column][vc_row_inner disable_element=&#8221;yes&#8221;][vc_column_inner width=&#8221;1\/3&#8243;][\/vc_column_inner][vc_column_inner width=&#8221;1\/3&#8243;][\/vc_column_inner][vc_column_inner width=&#8221;1\/3&#8243;][\/vc_column_inner][\/vc_row_inner][\/vc_column][\/vc_row][vc_row full_width=&#8221;stretch_row&#8221; equal_height=&#8221;yes&#8221; bg_cws_color=&#8221;color&#8221; cws_overlay_color=&#8221;#f0f1f5&#8243; css=&#8221;.vc_custom_1538391491419{background-color: #f0f1f5 !important;}&#8221;][vc_column css_animation=&#8221;slideInUp&#8221;][vc_row_inner][vc_column_inner width=&#8221;1\/4&#8243;][vc_single_image image=&#8221;18146&#8243; img_size=&#8221;medium&#8221; onclick=&#8221;custom_link&#8221; img_link_target=&#8221;_blank&#8221; link=&#8221;https:\/\/www.wattkraft.com\/es\/sumsol\/&#8221;][\/vc_column_inner][vc_column_inner width=&#8221;1\/4&#8243;][vc_single_image image=&#8221;18118&#8243; img_size=&#8221;medium&#8221; onclick=&#8221;custom_link&#8221; link=&#8221;https:\/\/www.wattkraft.com\/es\/saclima\/&#8221;][\/vc_column_inner][vc_column_inner width=&#8221;1\/4&#8243;][vc_single_image image=&#8221;18193&#8243; img_size=&#8221;medium&#8221; onclick=&#8221;custom_link&#8221; link=&#8221;https:\/\/www.wattkraft.com\/es\/mprime-voltalia\/&#8221;][\/vc_column_inner][vc_column_inner width=&#8221;1\/4&#8243;][vc_single_image image=&#8221;18164&#8243; img_size=&#8221;medium&#8221; onclick=&#8221;custom_link&#8221; link=&#8221;https:\/\/www.wattkraft.com\/es\/green-efficient\/&#8221;][\/vc_column_inner][\/vc_row_inner][vc_empty_space height=&#8221;90px&#8221;][\/vc_column][\/vc_row][vc_row disable_element=&#8221;yes&#8221;][vc_column][\/vc_column][\/vc_row]<\/p>\n","protected":false},"author":16,"featured_media":0,"parent":0,"menu_order":0,"comment_status":"closed","ping_status":"closed","template":"","meta":{"_acf_changed":false,"inline_featured_image":false,"footnotes":""},"class_list":["post-12755","page","type-page","status-publish","hentry"],"acf":[],"yoast_head":"<!-- This site is optimized with the Yoast SEO plugin v24.7 - https:\/\/yoast.com\/wordpress\/plugins\/seo\/ -->\n<title>Nuestros Distribuidores - Wattkraft<\/title>\n<meta name=\"robots\" content=\"index, follow, max-snippet:-1, max-image-preview:large, max-video-preview:-1\" \/>\n<link rel=\"canonical\" href=\"https:\/\/www.wattkraft.com\/es\/nuestros-distribuidores\/\" \/>\n<meta property=\"og:locale\" content=\"es_ES\" \/>\n<meta property=\"og:type\" content=\"article\" \/>\n<meta property=\"og:title\" content=\"Nuestros Distribuidores - Wattkraft\" \/>\n<meta property=\"og:description\" content=\"[vc_row css_animation=&#8221;slideInDown&#8221;][vc_column][vc_row_inner disable_element=&#8221;yes&#8221;][vc_column_inner width=&#8221;1\/3&#8243;][\/vc_column_inner][vc_column_inner width=&#8221;1\/3&#8243;][\/vc_column_inner][vc_column_inner width=&#8221;1\/3&#8243;][\/vc_column_inner][\/vc_row_inner][\/vc_column][\/vc_row][vc_row full_width=&#8221;stretch_row&#8221; equal_height=&#8221;yes&#8221; bg_cws_color=&#8221;color&#8221; cws_overlay_color=&#8221;#f0f1f5&#8243; css=&#8221;.vc_custom_1538391491419{background-color: #f0f1f5 !important;}&#8221;][vc_column css_animation=&#8221;slideInUp&#8221;][vc_row_inner][vc_column_inner width=&#8221;1\/4&#8243;][vc_single_image image=&#8221;18146&#8243; img_size=&#8221;medium&#8221; onclick=&#8221;custom_link&#8221; img_link_target=&#8221;_blank&#8221; link=&#8221;https:\/\/www.wattkraft.com\/es\/sumsol\/&#8221;][\/vc_column_inner][vc_column_inner width=&#8221;1\/4&#8243;][vc_single_image image=&#8221;18118&#8243; img_size=&#8221;medium&#8221; onclick=&#8221;custom_link&#8221; link=&#8221;https:\/\/www.wattkraft.com\/es\/saclima\/&#8221;][\/vc_column_inner][vc_column_inner width=&#8221;1\/4&#8243;][vc_single_image image=&#8221;18193&#8243; img_size=&#8221;medium&#8221; onclick=&#8221;custom_link&#8221; link=&#8221;https:\/\/www.wattkraft.com\/es\/mprime-voltalia\/&#8221;][\/vc_column_inner][vc_column_inner width=&#8221;1\/4&#8243;][vc_single_image image=&#8221;18164&#8243; img_size=&#8221;medium&#8221; onclick=&#8221;custom_link&#8221; link=&#8221;https:\/\/www.wattkraft.com\/es\/green-efficient\/&#8221;][\/vc_column_inner][\/vc_row_inner][vc_empty_space height=&#8221;90px&#8221;][\/vc_column][\/vc_row][vc_row disable_element=&#8221;yes&#8221;][vc_column][\/vc_column][\/vc_row]\" \/>\n<meta property=\"og:url\" content=\"https:\/\/www.wattkraft.com\/es\/nuestros-distribuidores\/\" \/>\n<meta property=\"og:site_name\" content=\"Wattkraft\" \/>\n<meta property=\"article:publisher\" content=\"https:\/\/www.facebook.com\/wattkraftsolar888\" \/>\n<meta property=\"article:modified_time\" content=\"2024-10-08T08:32:11+00:00\" \/>\n<meta name=\"twitter:card\" content=\"summary_large_image\" \/>\n<meta name=\"twitter:label1\" content=\"Est. reading time\" \/>\n\t<meta name=\"twitter:data1\" content=\"2 minutes\" \/>\n<script type=\"application\/ld+json\" class=\"yoast-schema-graph\">{\"@context\":\"https:\/\/schema.org\",\"@graph\":[{\"@type\":\"WebPage\",\"@id\":\"https:\/\/www.wattkraft.com\/es\/nuestros-distribuidores\/\",\"url\":\"https:\/\/www.wattkraft.com\/es\/nuestros-distribuidores\/\",\"name\":\"Nuestros Distribuidores - Wattkraft\",\"isPartOf\":{\"@id\":\"https:\/\/www.wattkraft.com\/es\/#website\"},\"datePublished\":\"2023-09-14T19:34:48+00:00\",\"dateModified\":\"2024-10-08T08:32:11+00:00\",\"breadcrumb\":{\"@id\":\"https:\/\/www.wattkraft.com\/es\/nuestros-distribuidores\/#breadcrumb\"},\"inLanguage\":\"es-ES\",\"potentialAction\":[{\"@type\":\"ReadAction\",\"target\":[\"https:\/\/www.wattkraft.com\/es\/nuestros-distribuidores\/\"]}]},{\"@type\":\"BreadcrumbList\",\"@id\":\"https:\/\/www.wattkraft.com\/es\/nuestros-distribuidores\/#breadcrumb\",\"itemListElement\":[{\"@type\":\"ListItem\",\"position\":1,\"name\":\"Home\",\"item\":\"https:\/\/www.wattkraft.com\/es\/\"},{\"@type\":\"ListItem\",\"position\":2,\"name\":\"Nuestros Distribuidores\"}]},{\"@type\":\"WebSite\",\"@id\":\"https:\/\/www.wattkraft.com\/es\/#website\",\"url\":\"https:\/\/www.wattkraft.com\/es\/\",\"name\":\"Wattkraft.com\",\"description\":\"Photovoltaik Distributor f\u00fcr Huawei, Aiko, Phono und Canadian Solar\",\"publisher\":{\"@id\":\"https:\/\/www.wattkraft.com\/es\/#organization\"},\"potentialAction\":[{\"@type\":\"SearchAction\",\"target\":{\"@type\":\"EntryPoint\",\"urlTemplate\":\"https:\/\/www.wattkraft.com\/es\/?s={search_term_string}\"},\"query-input\":{\"@type\":\"PropertyValueSpecification\",\"valueRequired\":true,\"valueName\":\"search_term_string\"}}],\"inLanguage\":\"es-ES\"},{\"@type\":\"Organization\",\"@id\":\"https:\/\/www.wattkraft.com\/es\/#organization\",\"name\":\"Wattkraft\",\"url\":\"https:\/\/www.wattkraft.com\/es\/\",\"logo\":{\"@type\":\"ImageObject\",\"inLanguage\":\"es-ES\",\"@id\":\"https:\/\/www.wattkraft.com\/es\/#\/schema\/logo\/image\/\",\"url\":\"https:\/\/www.wattkraft.com\/app\/uploads\/2023\/07\/wattkaft_logo.png.webp\",\"contentUrl\":\"https:\/\/www.wattkraft.com\/app\/uploads\/2023\/07\/wattkaft_logo.png.webp\",\"width\":985,\"height\":181,\"caption\":\"Wattkraft\"},\"image\":{\"@id\":\"https:\/\/www.wattkraft.com\/es\/#\/schema\/logo\/image\/\"},\"sameAs\":[\"https:\/\/www.facebook.com\/wattkraftsolar888\",\"https:\/\/www.linkedin.com\/company\/wattkraft\/\",\"https:\/\/www.youtube.com\/@wattkraftdeutschland\"]}]}<\/script>\n<!-- \/ Yoast SEO plugin. -->","yoast_head_json":{"title":"Nuestros Distribuidores - Wattkraft","robots":{"index":"index","follow":"follow","max-snippet":"max-snippet:-1","max-image-preview":"max-image-preview:large","max-video-preview":"max-video-preview:-1"},"canonical":"https:\/\/www.wattkraft.com\/es\/nuestros-distribuidores\/","og_locale":"es_ES","og_type":"article","og_title":"Nuestros Distribuidores - Wattkraft","og_description":"[vc_row css_animation=&#8221;slideInDown&#8221;][vc_column][vc_row_inner disable_element=&#8221;yes&#8221;][vc_column_inner width=&#8221;1\/3&#8243;][\/vc_column_inner][vc_column_inner width=&#8221;1\/3&#8243;][\/vc_column_inner][vc_column_inner width=&#8221;1\/3&#8243;][\/vc_column_inner][\/vc_row_inner][\/vc_column][\/vc_row][vc_row full_width=&#8221;stretch_row&#8221; equal_height=&#8221;yes&#8221; bg_cws_color=&#8221;color&#8221; cws_overlay_color=&#8221;#f0f1f5&#8243; css=&#8221;.vc_custom_1538391491419{background-color: #f0f1f5 !important;}&#8221;][vc_column css_animation=&#8221;slideInUp&#8221;][vc_row_inner][vc_column_inner width=&#8221;1\/4&#8243;][vc_single_image image=&#8221;18146&#8243; img_size=&#8221;medium&#8221; onclick=&#8221;custom_link&#8221; img_link_target=&#8221;_blank&#8221; link=&#8221;https:\/\/www.wattkraft.com\/es\/sumsol\/&#8221;][\/vc_column_inner][vc_column_inner width=&#8221;1\/4&#8243;][vc_single_image image=&#8221;18118&#8243; img_size=&#8221;medium&#8221; onclick=&#8221;custom_link&#8221; link=&#8221;https:\/\/www.wattkraft.com\/es\/saclima\/&#8221;][\/vc_column_inner][vc_column_inner width=&#8221;1\/4&#8243;][vc_single_image image=&#8221;18193&#8243; img_size=&#8221;medium&#8221; onclick=&#8221;custom_link&#8221; link=&#8221;https:\/\/www.wattkraft.com\/es\/mprime-voltalia\/&#8221;][\/vc_column_inner][vc_column_inner width=&#8221;1\/4&#8243;][vc_single_image image=&#8221;18164&#8243; img_size=&#8221;medium&#8221; onclick=&#8221;custom_link&#8221; link=&#8221;https:\/\/www.wattkraft.com\/es\/green-efficient\/&#8221;][\/vc_column_inner][\/vc_row_inner][vc_empty_space height=&#8221;90px&#8221;][\/vc_column][\/vc_row][vc_row disable_element=&#8221;yes&#8221;][vc_column][\/vc_column][\/vc_row]","og_url":"https:\/\/www.wattkraft.com\/es\/nuestros-distribuidores\/","og_site_name":"Wattkraft","article_publisher":"https:\/\/www.facebook.com\/wattkraftsolar888","article_modified_time":"2024-10-08T08:32:11+00:00","twitter_card":"summary_large_image","twitter_misc":{"Est. reading time":"2 minutes"},"schema":{"@context":"https:\/\/schema.org","@graph":[{"@type":"WebPage","@id":"https:\/\/www.wattkraft.com\/es\/nuestros-distribuidores\/","url":"https:\/\/www.wattkraft.com\/es\/nuestros-distribuidores\/","name":"Nuestros Distribuidores - Wattkraft","isPartOf":{"@id":"https:\/\/www.wattkraft.com\/es\/#website"},"datePublished":"2023-09-14T19:34:48+00:00","dateModified":"2024-10-08T08:32:11+00:00","breadcrumb":{"@id":"https:\/\/www.wattkraft.com\/es\/nuestros-distribuidores\/#breadcrumb"},"inLanguage":"es-ES","potentialAction":[{"@type":"ReadAction","target":["https:\/\/www.wattkraft.com\/es\/nuestros-distribuidores\/"]}]},{"@type":"BreadcrumbList","@id":"https:\/\/www.wattkraft.com\/es\/nuestros-distribuidores\/#breadcrumb","itemListElement":[{"@type":"ListItem","position":1,"name":"Home","item":"https:\/\/www.wattkraft.com\/es\/"},{"@type":"ListItem","position":2,"name":"Nuestros Distribuidores"}]},{"@type":"WebSite","@id":"https:\/\/www.wattkraft.com\/es\/#website","url":"https:\/\/www.wattkraft.com\/es\/","name":"Wattkraft.com","description":"Photovoltaik Distributor f\u00fcr Huawei, Aiko, Phono und Canadian Solar","publisher":{"@id":"https:\/\/www.wattkraft.com\/es\/#organization"},"potentialAction":[{"@type":"SearchAction","target":{"@type":"EntryPoint","urlTemplate":"https:\/\/www.wattkraft.com\/es\/?s={search_term_string}"},"query-input":{"@type":"PropertyValueSpecification","valueRequired":true,"valueName":"search_term_string"}}],"inLanguage":"es-ES"},{"@type":"Organization","@id":"https:\/\/www.wattkraft.com\/es\/#organization","name":"Wattkraft","url":"https:\/\/www.wattkraft.com\/es\/","logo":{"@type":"ImageObject","inLanguage":"es-ES","@id":"https:\/\/www.wattkraft.com\/es\/#\/schema\/logo\/image\/","url":"https:\/\/www.wattkraft.com\/app\/uploads\/2023\/07\/wattkaft_logo.png.webp","contentUrl":"https:\/\/www.wattkraft.com\/app\/uploads\/2023\/07\/wattkaft_logo.png.webp","width":985,"height":181,"caption":"Wattkraft"},"image":{"@id":"https:\/\/www.wattkraft.com\/es\/#\/schema\/logo\/image\/"},"sameAs":["https:\/\/www.facebook.com\/wattkraftsolar888","https:\/\/www.linkedin.com\/company\/wattkraft\/","https:\/\/www.youtube.com\/@wattkraftdeutschland"]}]}},"_links":{"self":[{"href":"https:\/\/www.wattkraft.com\/es\/wp-json\/wp\/v2\/pages\/12755","targetHints":{"allow":["GET"]}}],"collection":[{"href":"https:\/\/www.wattkraft.com\/es\/wp-json\/wp\/v2\/pages"}],"about":[{"href":"https:\/\/www.wattkraft.com\/es\/wp-json\/wp\/v2\/types\/page"}],"author":[{"embeddable":true,"href":"https:\/\/www.wattkraft.com\/es\/wp-json\/wp\/v2\/users\/16"}],"replies":[{"embeddable":true,"href":"https:\/\/www.wattkraft.com\/es\/wp-json\/wp\/v2\/comments?post=12755"}],"version-history":[{"count":22,"href":"https:\/\/www.wattkraft.com\/es\/wp-json\/wp\/v2\/pages\/12755\/revisions"}],"predecessor-version":[{"id":19363,"href":"https:\/\/www.wattkraft.com\/es\/wp-json\/wp\/v2\/pages\/12755\/revisions\/19363"}],"wp:attachment":[{"href":"https:\/\/www.wattkraft.com\/es\/wp-json\/wp\/v2\/media?parent=12755"}],"curies":[{"name":"wp","href":"https:\/\/api.w.org\/{rel}","templated":true}]}}