{"id":9237,"date":"2022-08-12T14:51:31","date_gmt":"2022-08-12T12:51:31","guid":{"rendered":"https:\/\/www.wattkraft.com\/?page_id=9237"},"modified":"2024-11-29T10:01:33","modified_gmt":"2024-11-29T09:01:33","slug":"referenties","status":"publish","type":"page","link":"https:\/\/www.wattkraft.com\/nl\/bedrijf\/referenties\/","title":{"rendered":"Referenties"},"content":{"rendered":"<section class=\"wpb-content-wrapper\">[vc_row full_width=&#8221;stretch_row&#8221; equal_height=&#8221;yes&#8221; css=&#8221;.vc_custom_1634113492667{padding-top: 100px !important;padding-bottom: 100px !important;}&#8221;][vc_column width=&#8221;1\/3&#8243; cws_mobile_paddings=&#8221;25px 15px 0px 15px&#8221; css=&#8221;.vc_custom_1531803767223{padding-right: 50px !important;}&#8221;]<div class='cws_textmodule cws_vc_shortcode_module' id='cws_textmodule_69ff63afd2850'><div class='cws_textmodule_wrapper add_divider'><div class='cws_textmodule_text text_align_left'><div class='cws_textmodule_titles display_block'><h4 class='cws_textmodule_subtitle'>Our<\/h4><h1 class='cws_textmodule_title'><strong>Referenties<\/strong><\/h1><\/div><div class='cws_textmodule_content'><div class='text_content_wrapper'><p>Hier vindt u een selectie van referentie-installaties die wij in de afgelopen jaren in samenwerking met onze klanten met succes in bedrijf hebben genomen. Zowel residenti\u00eble projecten, d.w.z. particuliere fotovolta\u00efsche systemen, als commerci\u00eble systemen en grote utiliteitsprojecten zijn bij ons vertegenwoordigd.<\/p>\n<p>Wilt u ook profiteren van onze jarenlange ervaring en onze hoogwaardige producten? Aarzel dan niet om <a href=\"https:\/\/www.wattkraft.com\/en\/?page_id=7446\">contact<\/a> met ons op te nemen!<\/p>\n<\/div><\/div><\/div><\/div><\/div><div class=\"cws_spacing\"><div class=\"cws_spacing cws_spacing_default\" style=\"height:32px;\"><\/div><\/div>[\/vc_column][vc_column width=&#8221;2\/3&#8243;][vc_single_image image=&#8221;6999&#8243; img_size=&#8221;full&#8221;]<div class=\"cws_spacing\"><div class=\"cws_spacing cws_spacing_default\" style=\"height:32px;\"><\/div><\/div>[\/vc_column][\/vc_row][vc_row][vc_column]<div class='cws_textmodule cws_vc_shortcode_module' id='cws_textmodule_69ff63afd2ad3'><div class='cws_textmodule_wrapper '><div class='cws_textmodule_text text_align_left'><div class='cws_textmodule_titles display_block'><h4 class='cws_textmodule_subtitle'>Utility<\/h4><h3 class='cws_textmodule_title'>Smart Transformer Station<\/h3><\/div><\/div><\/div><\/div>[\/vc_column][\/vc_row][vc_row][vc_column width=&#8221;1\/2&#8243;]<div class=\"cws_spacing\"><div class=\"cws_spacing cws_spacing_default\" style=\"height:60px;\"><\/div><\/div>[vc_images_carousel images=&#8221;9175,8986,9150,9155,9170,8981&#8243; img_size=&#8221;350&#215;233&#8243; autoplay=&#8221;yes&#8221; wrap=&#8221;yes&#8221;][cws_sc_widget_text text=&#8221;Eppenreuth, Deutschland<\/p>\n<p>Modulgesamtleistung: 10 MWp<br \/>\n47 x Huawei SUN2000-185KTL-H1&#8243;][\/vc_column][vc_column width=&#8221;1\/2&#8243;]<div class=\"cws_spacing\"><div class=\"cws_spacing cws_spacing_default\" style=\"height:60px;\"><\/div><\/div>[vc_video link=&#8221;https:\/\/www.youtube.com\/watch?v=quKWvI5Hn8U&#8221; align=&#8221;center&#8221;][\/vc_column][\/vc_row][vc_row][vc_column width=&#8221;1\/2&#8243;]<div class='cws_textmodule cws_vc_shortcode_module' id='cws_textmodule_69ff63afd2d1a'><div class='cws_textmodule_wrapper '><div class='cws_textmodule_text text_align_left'><div class='cws_textmodule_titles display_block'><h4 class='cws_textmodule_subtitle'>Residential<\/h4><h3 class='cws_textmodule_title'>PV-Anlage Xanten<\/h3><\/div><\/div><\/div><\/div>[vc_images_carousel images=&#8221;7535,7525,7530,7540,7545&#8243; img_size=&#8221;350&#215;233&#8243; autoplay=&#8221;yes&#8221; wrap=&#8221;yes&#8221;][cws_sc_widget_text text=&#8221;Xanten, Deutschland<\/p>\n<p>Modulgesamtleistung: 10 kWp<br \/>\n1 x Huawei SUN2000-10KTL-M1<br \/>\n1 x LUNA2000-10-S0&#8243;][\/vc_column][vc_column width=&#8221;1\/2&#8243;]<div class=\"cws_spacing\"><div class=\"cws_spacing cws_spacing_default\" style=\"height:60px;\"><\/div><\/div>[vc_video link=&#8221;https:\/\/youtu.be\/YXsqnEXmunw&#8221; align=&#8221;center&#8221;][\/vc_column][\/vc_row][vc_row][vc_column width=&#8221;1\/2&#8243;]<div class='cws_textmodule cws_vc_shortcode_module' id='cws_textmodule_69ff63afd2f11'><div class='cws_textmodule_wrapper '><div class='cws_textmodule_text text_align_left'><div class='cws_textmodule_titles display_block'><h4 class='cws_textmodule_subtitle'>Utility<\/h4><h3 class='cws_textmodule_title'>PV-Anlage Donaueschingen<\/h3><\/div><\/div><\/div><\/div>[vc_images_carousel images=&#8221;7299,7292,7287,7282,7277,7272,7267&#8243; img_size=&#8221;350&#215;233&#8243; autoplay=&#8221;yes&#8221; wrap=&#8221;yes&#8221;][cws_sc_widget_text text=&#8221;Donaueschingen, Deutschland<\/p>\n<p>Modulgesamtleistung: 4.1 MWp<br \/>\n40 x Huawei SUN2000-60KTL-M0<br \/>\n11.000 bifaciale Module&#8221;][\/vc_column][vc_column width=&#8221;1\/2&#8243;]<div class='cws_textmodule cws_vc_shortcode_module' id='cws_textmodule_69ff63afd30c7'><div class='cws_textmodule_wrapper '><div class='cws_textmodule_text text_align_left'><div class='cws_textmodule_titles display_block'><h4 class='cws_textmodule_subtitle'>Commercial<\/h4><h3 class='cws_textmodule_title'>PV-Anlage Hirschfeld<\/h3><\/div><\/div><\/div><\/div><div class=\"cws_spacing\"><div class=\"cws_spacing cws_spacing_default\" style=\"height:60px;\"><\/div><\/div>[vc_images_carousel images=&#8221;7151,7177,7182,7187,7192&#8243; img_size=&#8221;350&#215;233&#8243; autoplay=&#8221;yes&#8221; wrap=&#8221;yes&#8221;][cws_sc_widget_text text=&#8221;Hirschfeld, Deutschland<\/p>\n<p>Modulgesamtleistung: 29.90 kWp<br \/>\n1 x Huawei SUN2000-10KTL-M1<br \/>\n1 x Huawei SUN2000-15KTL-M2<br \/>\n1 x LUNA2000-15-S0<br \/>\nSmart Power Sensor DTSU666-H&#8221;][\/vc_column][\/vc_row][vc_row][vc_column width=&#8221;1\/2&#8243;]<div class='cws_textmodule cws_vc_shortcode_module' id='cws_textmodule_69ff63afd328c'><div class='cws_textmodule_wrapper '><div class='cws_textmodule_text text_align_left'><div class='cws_textmodule_titles display_block'><h4 class='cws_textmodule_subtitle'>Residential<\/h4><h3 class='cws_textmodule_title'>PV-Anlage Dresden<\/h3><\/div><\/div><\/div><\/div>[vc_images_carousel images=&#8221;7157,7162,7167&#8243; img_size=&#8221;350&#215;233&#8243; autoplay=&#8221;yes&#8221; wrap=&#8221;yes&#8221;][cws_sc_widget_text text=&#8221;Dresden, Deutschland<\/p>\n<p>Modulgesamtleistung: 10 kWp<br \/>\n1 x Huawei SUN2000-10KTL-M1<br \/>\n1 x LUNA2000-10-S0&#8243;][\/vc_column][vc_column width=&#8221;1\/2&#8243;]<div class='cws_textmodule cws_vc_shortcode_module' id='cws_textmodule_69ff63afd3418'><div class='cws_textmodule_wrapper '><div class='cws_textmodule_text text_align_left'><div class='cws_textmodule_titles display_block'><h4 class='cws_textmodule_subtitle'>Utility<\/h4><h3 class='cws_textmodule_title'>PV-Anlage Werdau<\/h3><\/div><\/div><\/div><\/div>[vc_images_carousel images=&#8221;7205,7210,7215,7220&#8243; img_size=&#8221;350&#215;233&#8243; autoplay=&#8221;yes&#8221; wrap=&#8221;yes&#8221;][cws_sc_widget_text text=&#8221;Werdau, Deutschland<\/p>\n<p>Modulgesamtleistung: 749,33 kWp<br \/>\nHuawei SUN2000-60KTL-M0<br \/>\nHuawei SUN2000-36KTL<br \/>\nHuawei SUN2000-33KTL-A<br \/>\nHuawei SUN2000-20KTL-M0&#8243;][\/vc_column][\/vc_row][vc_row][vc_column width=&#8221;1\/2&#8243; el_id=&#8221;video-junosolar&#8221;][vc_video link=&#8221;https:\/\/www.youtube.com\/watch?v=u-2QF-b1T4Y&#8221; align=&#8221;center&#8221;][\/vc_column][vc_column width=&#8221;1\/2&#8243; el_id=&#8221;video-next2sun&#8221;][vc_video link=&#8221;https:\/\/youtu.be\/M7p53tfnrfo&#8221; align=&#8221;center&#8221;][\/vc_column][\/vc_row][vc_row][vc_column][\/vc_column][\/vc_row]\n<\/section>","protected":false},"excerpt":{"rendered":"<p>[vc_row full_width=&#8221;stretch_row&#8221; equal_height=&#8221;yes&#8221; css=&#8221;.vc_custom_1634113492667{padding-top: 100px !important;padding-bottom: 100px !important;}&#8221;][vc_column width=&#8221;1\/3&#8243; cws_mobile_paddings=&#8221;25px 15px 0px 15px&#8221; css=&#8221;.vc_custom_1531803767223{padding-right: 50px !important;}&#8221;][\/vc_column][vc_column width=&#8221;2\/3&#8243;][vc_single_image image=&#8221;6999&#8243; img_size=&#8221;full&#8221;][\/vc_column][\/vc_row][vc_row][vc_column][\/vc_column][\/vc_row][vc_row][vc_column width=&#8221;1\/2&#8243;][vc_images_carousel images=&#8221;9175,8986,9150,9155,9170,8981&#8243; img_size=&#8221;350&#215;233&#8243; autoplay=&#8221;yes&#8221; wrap=&#8221;yes&#8221;][cws_sc_widget_text text=&#8221;Eppenreuth, Deutschland Modulgesamtleistung: 10 MWp 47 x Huawei SUN2000-185KTL-H1&#8243;][\/vc_column][vc_column width=&#8221;1\/2&#8243;][vc_video link=&#8221;https:\/\/www.youtube.com\/watch?v=quKWvI5Hn8U&#8221; align=&#8221;center&#8221;][\/vc_column][\/vc_row][vc_row][vc_column width=&#8221;1\/2&#8243;][vc_images_carousel images=&#8221;7535,7525,7530,7540,7545&#8243; img_size=&#8221;350&#215;233&#8243; autoplay=&#8221;yes&#8221; wrap=&#8221;yes&#8221;][cws_sc_widget_text text=&#8221;Xanten, Deutschland Modulgesamtleistung: 10 kWp 1 x Huawei SUN2000-10KTL-M1 1 x LUNA2000-10-S0&#8243;][\/vc_column][vc_column width=&#8221;1\/2&#8243;][vc_video link=&#8221;https:\/\/youtu.be\/YXsqnEXmunw&#8221; align=&#8221;center&#8221;][\/vc_column][\/vc_row][vc_row][vc_column width=&#8221;1\/2&#8243;][vc_images_carousel images=&#8221;7299,7292,7287,7282,7277,7272,7267&#8243; img_size=&#8221;350&#215;233&#8243; autoplay=&#8221;yes&#8221; wrap=&#8221;yes&#8221;][cws_sc_widget_text text=&#8221;Donaueschingen, Deutschland Modulgesamtleistung: 4.1 MWp 40 x Huawei SUN2000-60KTL-M0 11.000 bifaciale Module&#8221;][\/vc_column][vc_column width=&#8221;1\/2&#8243;][vc_images_carousel images=&#8221;7151,7177,7182,7187,7192&#8243; img_size=&#8221;350&#215;233&#8243; autoplay=&#8221;yes&#8221; wrap=&#8221;yes&#8221;][cws_sc_widget_text text=&#8221;Hirschfeld, Deutschland Modulgesamtleistung: 29.90 kWp 1 x Huawei SUN2000-10KTL-M1 1 x Huawei SUN2000-15KTL-M2 1 x LUNA2000-15-S0 Smart Power Sensor DTSU666-H&#8221;][\/vc_column][\/vc_row][vc_row][vc_column width=&#8221;1\/2&#8243;][vc_images_carousel images=&#8221;7157,7162,7167&#8243; img_size=&#8221;350&#215;233&#8243; autoplay=&#8221;yes&#8221; wrap=&#8221;yes&#8221;][cws_sc_widget_text text=&#8221;Dresden, Deutschland Modulgesamtleistung: 10 kWp 1 x Huawei SUN2000-10KTL-M1 1 x LUNA2000-10-S0&#8243;][\/vc_column][vc_column width=&#8221;1\/2&#8243;][vc_images_carousel images=&#8221;7205,7210,7215,7220&#8243; img_size=&#8221;350&#215;233&#8243; autoplay=&#8221;yes&#8221; wrap=&#8221;yes&#8221;][cws_sc_widget_text text=&#8221;Werdau, Deutschland Modulgesamtleistung: 749,33 kWp Huawei SUN2000-60KTL-M0 Huawei SUN2000-36KTL Huawei SUN2000-33KTL-A Huawei SUN2000-20KTL-M0&#8243;][\/vc_column][\/vc_row][vc_row][vc_column width=&#8221;1\/2&#8243; el_id=&#8221;video-junosolar&#8221;][vc_video link=&#8221;https:\/\/www.youtube.com\/watch?v=u-2QF-b1T4Y&#8221; align=&#8221;center&#8221;][\/vc_column][vc_column width=&#8221;1\/2&#8243; el_id=&#8221;video-next2sun&#8221;][vc_video link=&#8221;https:\/\/youtu.be\/M7p53tfnrfo&#8221; align=&#8221;center&#8221;][\/vc_column][\/vc_row][vc_row][vc_column][\/vc_column][\/vc_row]<\/p>\n","protected":false},"author":4,"featured_media":0,"parent":9223,"menu_order":0,"comment_status":"closed","ping_status":"closed","template":"","meta":{"_acf_changed":false,"inline_featured_image":false,"footnotes":""},"class_list":["post-9237","page","type-page","status-publish","hentry"],"acf":[],"yoast_head":"<!-- This site is optimized with the Yoast SEO plugin v24.7 - https:\/\/yoast.com\/wordpress\/plugins\/seo\/ -->\n<title>Referenties - Wattkraft<\/title>\n<meta name=\"robots\" content=\"index, follow, max-snippet:-1, max-image-preview:large, max-video-preview:-1\" \/>\n<link rel=\"canonical\" href=\"https:\/\/www.wattkraft.com\/nl\/bedrijf\/referenties\/\" \/>\n<meta property=\"og:locale\" content=\"nl_NL\" \/>\n<meta property=\"og:type\" content=\"article\" \/>\n<meta property=\"og:title\" content=\"Referenties - Wattkraft\" \/>\n<meta property=\"og:description\" content=\"[vc_row full_width=&#8221;stretch_row&#8221; equal_height=&#8221;yes&#8221; css=&#8221;.vc_custom_1634113492667{padding-top: 100px !important;padding-bottom: 100px !important;}&#8221;][vc_column width=&#8221;1\/3&#8243; cws_mobile_paddings=&#8221;25px 15px 0px 15px&#8221; css=&#8221;.vc_custom_1531803767223{padding-right: 50px !important;}&#8221;][\/vc_column][vc_column width=&#8221;2\/3&#8243;][vc_single_image image=&#8221;6999&#8243; img_size=&#8221;full&#8221;][\/vc_column][\/vc_row][vc_row][vc_column][\/vc_column][\/vc_row][vc_row][vc_column width=&#8221;1\/2&#8243;][vc_images_carousel images=&#8221;9175,8986,9150,9155,9170,8981&#8243; img_size=&#8221;350&#215;233&#8243; autoplay=&#8221;yes&#8221; wrap=&#8221;yes&#8221;][cws_sc_widget_text text=&#8221;Eppenreuth, Deutschland Modulgesamtleistung: 10 MWp 47 x Huawei SUN2000-185KTL-H1&#8243;][\/vc_column][vc_column width=&#8221;1\/2&#8243;][vc_video link=&#8221;https:\/\/www.youtube.com\/watch?v=quKWvI5Hn8U&#8221; align=&#8221;center&#8221;][\/vc_column][\/vc_row][vc_row][vc_column width=&#8221;1\/2&#8243;][vc_images_carousel images=&#8221;7535,7525,7530,7540,7545&#8243; img_size=&#8221;350&#215;233&#8243; autoplay=&#8221;yes&#8221; wrap=&#8221;yes&#8221;][cws_sc_widget_text text=&#8221;Xanten, Deutschland Modulgesamtleistung: 10 kWp 1 x Huawei SUN2000-10KTL-M1 1 x LUNA2000-10-S0&#8243;][\/vc_column][vc_column width=&#8221;1\/2&#8243;][vc_video link=&#8221;https:\/\/youtu.be\/YXsqnEXmunw&#8221; align=&#8221;center&#8221;][\/vc_column][\/vc_row][vc_row][vc_column width=&#8221;1\/2&#8243;][vc_images_carousel images=&#8221;7299,7292,7287,7282,7277,7272,7267&#8243; img_size=&#8221;350&#215;233&#8243; autoplay=&#8221;yes&#8221; wrap=&#8221;yes&#8221;][cws_sc_widget_text text=&#8221;Donaueschingen, Deutschland Modulgesamtleistung: 4.1 MWp 40 x Huawei SUN2000-60KTL-M0 11.000 bifaciale Module&#8221;][\/vc_column][vc_column width=&#8221;1\/2&#8243;][vc_images_carousel images=&#8221;7151,7177,7182,7187,7192&#8243; img_size=&#8221;350&#215;233&#8243; autoplay=&#8221;yes&#8221; wrap=&#8221;yes&#8221;][cws_sc_widget_text text=&#8221;Hirschfeld, Deutschland Modulgesamtleistung: 29.90 kWp 1 x Huawei SUN2000-10KTL-M1 1 x Huawei SUN2000-15KTL-M2 1 x LUNA2000-15-S0 Smart Power Sensor DTSU666-H&#8221;][\/vc_column][\/vc_row][vc_row][vc_column width=&#8221;1\/2&#8243;][vc_images_carousel images=&#8221;7157,7162,7167&#8243; img_size=&#8221;350&#215;233&#8243; autoplay=&#8221;yes&#8221; wrap=&#8221;yes&#8221;][cws_sc_widget_text text=&#8221;Dresden, Deutschland Modulgesamtleistung: 10 kWp 1 x Huawei SUN2000-10KTL-M1 1 x LUNA2000-10-S0&#8243;][\/vc_column][vc_column width=&#8221;1\/2&#8243;][vc_images_carousel images=&#8221;7205,7210,7215,7220&#8243; img_size=&#8221;350&#215;233&#8243; autoplay=&#8221;yes&#8221; wrap=&#8221;yes&#8221;][cws_sc_widget_text text=&#8221;Werdau, Deutschland Modulgesamtleistung: 749,33 kWp Huawei SUN2000-60KTL-M0 Huawei SUN2000-36KTL Huawei SUN2000-33KTL-A Huawei SUN2000-20KTL-M0&#8243;][\/vc_column][\/vc_row][vc_row][vc_column width=&#8221;1\/2&#8243; el_id=&#8221;video-junosolar&#8221;][vc_video link=&#8221;https:\/\/www.youtube.com\/watch?v=u-2QF-b1T4Y&#8221; align=&#8221;center&#8221;][\/vc_column][vc_column width=&#8221;1\/2&#8243; el_id=&#8221;video-next2sun&#8221;][vc_video link=&#8221;https:\/\/youtu.be\/M7p53tfnrfo&#8221; align=&#8221;center&#8221;][\/vc_column][\/vc_row][vc_row][vc_column][\/vc_column][\/vc_row]\" \/>\n<meta property=\"og:url\" content=\"https:\/\/www.wattkraft.com\/nl\/bedrijf\/referenties\/\" \/>\n<meta property=\"og:site_name\" content=\"Wattkraft\" \/>\n<meta property=\"article:publisher\" content=\"https:\/\/www.facebook.com\/wattkraftsolar888\" \/>\n<meta property=\"article:modified_time\" content=\"2024-11-29T09:01:33+00:00\" \/>\n<meta name=\"twitter:card\" content=\"summary_large_image\" \/>\n<meta name=\"twitter:label1\" content=\"Est. reading time\" \/>\n\t<meta name=\"twitter:data1\" content=\"3 minutes\" \/>\n<script type=\"application\/ld+json\" class=\"yoast-schema-graph\">{\"@context\":\"https:\/\/schema.org\",\"@graph\":[{\"@type\":\"WebPage\",\"@id\":\"https:\/\/www.wattkraft.com\/nl\/bedrijf\/referenties\/\",\"url\":\"https:\/\/www.wattkraft.com\/nl\/bedrijf\/referenties\/\",\"name\":\"Referenties - Wattkraft\",\"isPartOf\":{\"@id\":\"https:\/\/www.wattkraft.com\/nl\/#website\"},\"datePublished\":\"2022-08-12T12:51:31+00:00\",\"dateModified\":\"2024-11-29T09:01:33+00:00\",\"breadcrumb\":{\"@id\":\"https:\/\/www.wattkraft.com\/nl\/bedrijf\/referenties\/#breadcrumb\"},\"inLanguage\":\"nl-NL\",\"potentialAction\":[{\"@type\":\"ReadAction\",\"target\":[\"https:\/\/www.wattkraft.com\/nl\/bedrijf\/referenties\/\"]}]},{\"@type\":\"BreadcrumbList\",\"@id\":\"https:\/\/www.wattkraft.com\/nl\/bedrijf\/referenties\/#breadcrumb\",\"itemListElement\":[{\"@type\":\"ListItem\",\"position\":1,\"name\":\"Home\",\"item\":\"https:\/\/www.wattkraft.com\/nl\/\"},{\"@type\":\"ListItem\",\"position\":2,\"name\":\"Bedrijf\",\"item\":\"https:\/\/www.wattkraft.com\/nl\/unternehmen\/\"},{\"@type\":\"ListItem\",\"position\":3,\"name\":\"Referenties\"}]},{\"@type\":\"WebSite\",\"@id\":\"https:\/\/www.wattkraft.com\/nl\/#website\",\"url\":\"https:\/\/www.wattkraft.com\/nl\/\",\"name\":\"Wattkraft.com\",\"description\":\"De grootste importeur van Huawei omvormers in Europa\",\"publisher\":{\"@id\":\"https:\/\/www.wattkraft.com\/nl\/#organization\"},\"potentialAction\":[{\"@type\":\"SearchAction\",\"target\":{\"@type\":\"EntryPoint\",\"urlTemplate\":\"https:\/\/www.wattkraft.com\/nl\/?s={search_term_string}\"},\"query-input\":{\"@type\":\"PropertyValueSpecification\",\"valueRequired\":true,\"valueName\":\"search_term_string\"}}],\"inLanguage\":\"nl-NL\"},{\"@type\":\"Organization\",\"@id\":\"https:\/\/www.wattkraft.com\/nl\/#organization\",\"name\":\"Wattkraft\",\"url\":\"https:\/\/www.wattkraft.com\/nl\/\",\"logo\":{\"@type\":\"ImageObject\",\"inLanguage\":\"nl-NL\",\"@id\":\"https:\/\/www.wattkraft.com\/nl\/#\/schema\/logo\/image\/\",\"url\":\"https:\/\/www.wattkraft.com\/app\/uploads\/2023\/07\/wattkaft_logo.png.webp\",\"contentUrl\":\"https:\/\/www.wattkraft.com\/app\/uploads\/2023\/07\/wattkaft_logo.png.webp\",\"width\":985,\"height\":181,\"caption\":\"Wattkraft\"},\"image\":{\"@id\":\"https:\/\/www.wattkraft.com\/nl\/#\/schema\/logo\/image\/\"},\"sameAs\":[\"https:\/\/www.facebook.com\/wattkraftsolar888\",\"https:\/\/www.linkedin.com\/company\/wattkraft\/\",\"https:\/\/www.youtube.com\/@wattkraftdeutschland\"]}]}<\/script>\n<!-- \/ Yoast SEO plugin. -->","yoast_head_json":{"title":"Referenties - Wattkraft","robots":{"index":"index","follow":"follow","max-snippet":"max-snippet:-1","max-image-preview":"max-image-preview:large","max-video-preview":"max-video-preview:-1"},"canonical":"https:\/\/www.wattkraft.com\/nl\/bedrijf\/referenties\/","og_locale":"nl_NL","og_type":"article","og_title":"Referenties - Wattkraft","og_description":"[vc_row full_width=&#8221;stretch_row&#8221; equal_height=&#8221;yes&#8221; css=&#8221;.vc_custom_1634113492667{padding-top: 100px !important;padding-bottom: 100px !important;}&#8221;][vc_column width=&#8221;1\/3&#8243; cws_mobile_paddings=&#8221;25px 15px 0px 15px&#8221; css=&#8221;.vc_custom_1531803767223{padding-right: 50px !important;}&#8221;][\/vc_column][vc_column width=&#8221;2\/3&#8243;][vc_single_image image=&#8221;6999&#8243; img_size=&#8221;full&#8221;][\/vc_column][\/vc_row][vc_row][vc_column][\/vc_column][\/vc_row][vc_row][vc_column width=&#8221;1\/2&#8243;][vc_images_carousel images=&#8221;9175,8986,9150,9155,9170,8981&#8243; img_size=&#8221;350&#215;233&#8243; autoplay=&#8221;yes&#8221; wrap=&#8221;yes&#8221;][cws_sc_widget_text text=&#8221;Eppenreuth, Deutschland Modulgesamtleistung: 10 MWp 47 x Huawei SUN2000-185KTL-H1&#8243;][\/vc_column][vc_column width=&#8221;1\/2&#8243;][vc_video link=&#8221;https:\/\/www.youtube.com\/watch?v=quKWvI5Hn8U&#8221; align=&#8221;center&#8221;][\/vc_column][\/vc_row][vc_row][vc_column width=&#8221;1\/2&#8243;][vc_images_carousel images=&#8221;7535,7525,7530,7540,7545&#8243; img_size=&#8221;350&#215;233&#8243; autoplay=&#8221;yes&#8221; wrap=&#8221;yes&#8221;][cws_sc_widget_text text=&#8221;Xanten, Deutschland Modulgesamtleistung: 10 kWp 1 x Huawei SUN2000-10KTL-M1 1 x LUNA2000-10-S0&#8243;][\/vc_column][vc_column width=&#8221;1\/2&#8243;][vc_video link=&#8221;https:\/\/youtu.be\/YXsqnEXmunw&#8221; align=&#8221;center&#8221;][\/vc_column][\/vc_row][vc_row][vc_column width=&#8221;1\/2&#8243;][vc_images_carousel images=&#8221;7299,7292,7287,7282,7277,7272,7267&#8243; img_size=&#8221;350&#215;233&#8243; autoplay=&#8221;yes&#8221; wrap=&#8221;yes&#8221;][cws_sc_widget_text text=&#8221;Donaueschingen, Deutschland Modulgesamtleistung: 4.1 MWp 40 x Huawei SUN2000-60KTL-M0 11.000 bifaciale Module&#8221;][\/vc_column][vc_column width=&#8221;1\/2&#8243;][vc_images_carousel images=&#8221;7151,7177,7182,7187,7192&#8243; img_size=&#8221;350&#215;233&#8243; autoplay=&#8221;yes&#8221; wrap=&#8221;yes&#8221;][cws_sc_widget_text text=&#8221;Hirschfeld, Deutschland Modulgesamtleistung: 29.90 kWp 1 x Huawei SUN2000-10KTL-M1 1 x Huawei SUN2000-15KTL-M2 1 x LUNA2000-15-S0 Smart Power Sensor DTSU666-H&#8221;][\/vc_column][\/vc_row][vc_row][vc_column width=&#8221;1\/2&#8243;][vc_images_carousel images=&#8221;7157,7162,7167&#8243; img_size=&#8221;350&#215;233&#8243; autoplay=&#8221;yes&#8221; wrap=&#8221;yes&#8221;][cws_sc_widget_text text=&#8221;Dresden, Deutschland Modulgesamtleistung: 10 kWp 1 x Huawei SUN2000-10KTL-M1 1 x LUNA2000-10-S0&#8243;][\/vc_column][vc_column width=&#8221;1\/2&#8243;][vc_images_carousel images=&#8221;7205,7210,7215,7220&#8243; img_size=&#8221;350&#215;233&#8243; autoplay=&#8221;yes&#8221; wrap=&#8221;yes&#8221;][cws_sc_widget_text text=&#8221;Werdau, Deutschland Modulgesamtleistung: 749,33 kWp Huawei SUN2000-60KTL-M0 Huawei SUN2000-36KTL Huawei SUN2000-33KTL-A Huawei SUN2000-20KTL-M0&#8243;][\/vc_column][\/vc_row][vc_row][vc_column width=&#8221;1\/2&#8243; el_id=&#8221;video-junosolar&#8221;][vc_video link=&#8221;https:\/\/www.youtube.com\/watch?v=u-2QF-b1T4Y&#8221; align=&#8221;center&#8221;][\/vc_column][vc_column width=&#8221;1\/2&#8243; el_id=&#8221;video-next2sun&#8221;][vc_video link=&#8221;https:\/\/youtu.be\/M7p53tfnrfo&#8221; align=&#8221;center&#8221;][\/vc_column][\/vc_row][vc_row][vc_column][\/vc_column][\/vc_row]","og_url":"https:\/\/www.wattkraft.com\/nl\/bedrijf\/referenties\/","og_site_name":"Wattkraft","article_publisher":"https:\/\/www.facebook.com\/wattkraftsolar888","article_modified_time":"2024-11-29T09:01:33+00:00","twitter_card":"summary_large_image","twitter_misc":{"Est. reading time":"3 minutes"},"schema":{"@context":"https:\/\/schema.org","@graph":[{"@type":"WebPage","@id":"https:\/\/www.wattkraft.com\/nl\/bedrijf\/referenties\/","url":"https:\/\/www.wattkraft.com\/nl\/bedrijf\/referenties\/","name":"Referenties - Wattkraft","isPartOf":{"@id":"https:\/\/www.wattkraft.com\/nl\/#website"},"datePublished":"2022-08-12T12:51:31+00:00","dateModified":"2024-11-29T09:01:33+00:00","breadcrumb":{"@id":"https:\/\/www.wattkraft.com\/nl\/bedrijf\/referenties\/#breadcrumb"},"inLanguage":"nl-NL","potentialAction":[{"@type":"ReadAction","target":["https:\/\/www.wattkraft.com\/nl\/bedrijf\/referenties\/"]}]},{"@type":"BreadcrumbList","@id":"https:\/\/www.wattkraft.com\/nl\/bedrijf\/referenties\/#breadcrumb","itemListElement":[{"@type":"ListItem","position":1,"name":"Home","item":"https:\/\/www.wattkraft.com\/nl\/"},{"@type":"ListItem","position":2,"name":"Bedrijf","item":"https:\/\/www.wattkraft.com\/nl\/unternehmen\/"},{"@type":"ListItem","position":3,"name":"Referenties"}]},{"@type":"WebSite","@id":"https:\/\/www.wattkraft.com\/nl\/#website","url":"https:\/\/www.wattkraft.com\/nl\/","name":"Wattkraft.com","description":"De grootste importeur van Huawei omvormers in Europa","publisher":{"@id":"https:\/\/www.wattkraft.com\/nl\/#organization"},"potentialAction":[{"@type":"SearchAction","target":{"@type":"EntryPoint","urlTemplate":"https:\/\/www.wattkraft.com\/nl\/?s={search_term_string}"},"query-input":{"@type":"PropertyValueSpecification","valueRequired":true,"valueName":"search_term_string"}}],"inLanguage":"nl-NL"},{"@type":"Organization","@id":"https:\/\/www.wattkraft.com\/nl\/#organization","name":"Wattkraft","url":"https:\/\/www.wattkraft.com\/nl\/","logo":{"@type":"ImageObject","inLanguage":"nl-NL","@id":"https:\/\/www.wattkraft.com\/nl\/#\/schema\/logo\/image\/","url":"https:\/\/www.wattkraft.com\/app\/uploads\/2023\/07\/wattkaft_logo.png.webp","contentUrl":"https:\/\/www.wattkraft.com\/app\/uploads\/2023\/07\/wattkaft_logo.png.webp","width":985,"height":181,"caption":"Wattkraft"},"image":{"@id":"https:\/\/www.wattkraft.com\/nl\/#\/schema\/logo\/image\/"},"sameAs":["https:\/\/www.facebook.com\/wattkraftsolar888","https:\/\/www.linkedin.com\/company\/wattkraft\/","https:\/\/www.youtube.com\/@wattkraftdeutschland"]}]}},"_links":{"self":[{"href":"https:\/\/www.wattkraft.com\/nl\/wp-json\/wp\/v2\/pages\/9237","targetHints":{"allow":["GET"]}}],"collection":[{"href":"https:\/\/www.wattkraft.com\/nl\/wp-json\/wp\/v2\/pages"}],"about":[{"href":"https:\/\/www.wattkraft.com\/nl\/wp-json\/wp\/v2\/types\/page"}],"author":[{"embeddable":true,"href":"https:\/\/www.wattkraft.com\/nl\/wp-json\/wp\/v2\/users\/4"}],"replies":[{"embeddable":true,"href":"https:\/\/www.wattkraft.com\/nl\/wp-json\/wp\/v2\/comments?post=9237"}],"version-history":[{"count":18,"href":"https:\/\/www.wattkraft.com\/nl\/wp-json\/wp\/v2\/pages\/9237\/revisions"}],"predecessor-version":[{"id":21431,"href":"https:\/\/www.wattkraft.com\/nl\/wp-json\/wp\/v2\/pages\/9237\/revisions\/21431"}],"up":[{"embeddable":true,"href":"https:\/\/www.wattkraft.com\/nl\/wp-json\/wp\/v2\/pages\/9223"}],"wp:attachment":[{"href":"https:\/\/www.wattkraft.com\/nl\/wp-json\/wp\/v2\/media?parent=9237"}],"curies":[{"name":"wp","href":"https:\/\/api.w.org\/{rel}","templated":true}]}}